{"id":5616,"date":"2024-08-05T17:05:19","date_gmt":"2024-08-05T17:05:19","guid":{"rendered":"https:\/\/wpcare.artevio.art\/cs\/?page_id=5616"},"modified":"2025-02-10T11:07:19","modified_gmt":"2025-02-10T11:07:19","slug":"vop","status":"publish","type":"page","link":"https:\/\/wpcare.ai\/cs\/vop\/","title":{"rendered":"V\u0161eobecn\u00e9 obchodn\u00ed podm\u00ednky"},"content":{"rendered":"","protected":false},"excerpt":{"rendered":"","protected":false},"author":1,"featured_media":0,"parent":0,"menu_order":0,"comment_status":"closed","ping_status":"closed","template":"","meta":{"_acf_changed":false,"_trash_the_other_posts":false,"iawp_total_views":22,"footnotes":""},"class_list":["post-5616","page","type-page","status-publish","hentry"],"acf":[],"_links":{"self":[{"href":"https:\/\/wpcare.ai\/cs\/wp-json\/wp\/v2\/pages\/5616","targetHints":{"allow":["GET"]}}],"collection":[{"href":"https:\/\/wpcare.ai\/cs\/wp-json\/wp\/v2\/pages"}],"about":[{"href":"https:\/\/wpcare.ai\/cs\/wp-json\/wp\/v2\/types\/page"}],"author":[{"embeddable":true,"href":"https:\/\/wpcare.ai\/cs\/wp-json\/wp\/v2\/users\/1"}],"replies":[{"embeddable":true,"href":"https:\/\/wpcare.ai\/cs\/wp-json\/wp\/v2\/comments?post=5616"}],"version-history":[{"count":99,"href":"https:\/\/wpcare.ai\/cs\/wp-json\/wp\/v2\/pages\/5616\/revisions"}],"predecessor-version":[{"id":6989,"href":"https:\/\/wpcare.ai\/cs\/wp-json\/wp\/v2\/pages\/5616\/revisions\/6989"}],"wp:attachment":[{"href":"https:\/\/wpcare.ai\/cs\/wp-json\/wp\/v2\/media?parent=5616"}],"curies":[{"name":"wp","href":"https:\/\/api.w.org\/{rel}","templated":true}]}}